{"id":1434,"date":"2024-08-23T15:41:49","date_gmt":"2024-08-23T15:41:49","guid":{"rendered":"https:\/\/baltuinvestments.lv\/?page_id=1434"},"modified":"2025-05-08T08:33:28","modified_gmt":"2025-05-08T08:33:28","slug":"kontakti","status":"publish","type":"page","link":"https:\/\/baltuinvestments.lv\/en\/kontakti\/","title":{"rendered":"kontakti"},"content":{"rendered":"<div data-elementor-type=\"wp-page\" data-elementor-id=\"1434\" class=\"elementor elementor-1434\">\n\t\t\t\t<div class=\"elementor-element elementor-element-f870f60 e-flex e-con-boxed e-con e-parent\" data-id=\"f870f60\" data-element_type=\"container\" data-settings=\"{&quot;background_background&quot;:&quot;classic&quot;}\">\n\t\t\t\t\t<div class=\"e-con-inner\">\n\t\t<div class=\"elementor-element elementor-element-00bc548 e-flex e-con-boxed e-con e-child\" data-id=\"00bc548\" data-element_type=\"container\">\n\t\t\t\t\t<div class=\"e-con-inner\">\n\t\t\t\t<div class=\"elementor-element elementor-element-9af408b elementor-widget__width-initial elementor-widget elementor-widget-image\" data-id=\"9af408b\" data-element_type=\"widget\" data-widget_type=\"image.default\">\n\t\t\t\t<div class=\"elementor-widget-container\">\n\t\t\t<style>\/*! elementor - v3.21.0 - 26-05-2024 *\/\n.elementor-widget-image{text-align:center}.elementor-widget-image a{display:inline-block}.elementor-widget-image a img[src$=\".svg\"]{width:48px}.elementor-widget-image img{vertical-align:middle;display:inline-block}<\/style>\t\t\t\t\t\t\t\t\t\t<img decoding=\"async\" width=\"298\" height=\"134\" src=\"https:\/\/baltuinvestments.lv\/wp-content\/uploads\/2024\/08\/stripes.webp\" class=\"attachment-large size-large wp-image-1436\" alt=\"\" srcset=\"https:\/\/baltuinvestments.lv\/wp-content\/uploads\/2024\/08\/stripes.webp 298w, https:\/\/baltuinvestments.lv\/wp-content\/uploads\/2024\/08\/stripes-18x8.webp 18w\" sizes=\"(max-width: 298px) 100vw, 298px\" \/>\t\t\t\t\t\t\t\t\t\t\t\t\t<\/div>\n\t\t\t\t<\/div>\n\t\t\t\t<div class=\"elementor-element elementor-element-7bbd5d6 elementor-widget elementor-widget-heading\" data-id=\"7bbd5d6\" data-element_type=\"widget\" data-widget_type=\"heading.default\">\n\t\t\t\t<div class=\"elementor-widget-container\">\n\t\t\t<style>\/*! elementor - v3.21.0 - 26-05-2024 *\/\n.elementor-heading-title{padding:0;margin:0;line-height:1}.elementor-widget-heading .elementor-heading-title[class*=elementor-size-]>a{color:inherit;font-size:inherit;line-height:inherit}.elementor-widget-heading .elementor-heading-title.elementor-size-small{font-size:15px}.elementor-widget-heading .elementor-heading-title.elementor-size-medium{font-size:19px}.elementor-widget-heading .elementor-heading-title.elementor-size-large{font-size:29px}.elementor-widget-heading .elementor-heading-title.elementor-size-xl{font-size:39px}.elementor-widget-heading .elementor-heading-title.elementor-size-xxl{font-size:59px}<\/style><h2 class=\"elementor-heading-title elementor-size-default\">CONTACT FORM<\/h2>\t\t<\/div>\n\t\t\t\t<\/div>\n\t\t\t\t\t<\/div>\n\t\t\t\t<\/div>\n\t\t\t\t<div class=\"elementor-element elementor-element-1e93606 elementor-widget elementor-widget-html\" data-id=\"1e93606\" data-element_type=\"widget\" data-widget_type=\"html.default\">\n\t\t\t\t<div class=\"elementor-widget-container\">\n\t\t\t<div class=\"forminator-ui forminator-custom-form forminator-custom-form-1433 forminator-design--flat  forminator_ajax\" data-forminator-render=\"0\" data-form=\"forminator-module-1433\" data-uid=\"69e2197967fa6\"><br\/><\/div><form\n\t\t\t\tid=\"forminator-module-1433\"\n\t\t\t\tclass=\"forminator-ui forminator-custom-form forminator-custom-form-1433 forminator-design--flat  forminator_ajax\"\n\t\t\t\tmethod=\"post\"\n\t\t\t\tdata-forminator-render=\"0\"\n\t\t\t\tdata-form-id=\"1433\"\n\t\t\t\t\n\t\t\t\tdata-design=\"flat\"\n\t\t\t\t\n\t\t\t\t\n\t\t\t\t\n\t\t\t\tdata-grid=\"open\"\n\t\t\t\t\n\t\t\t\t\n\t\t\t\tstyle=\"display: none;\"\n\t\t\t\t\n\t\t\t\tdata-uid=\"69e2197967fa6\" action=\"\"\n\t\t\t><div role=\"alert\" aria-live=\"polite\" class=\"forminator-response-message forminator-error\" aria-hidden=\"true\"><\/div><div class=\"forminator-row\"><div id=\"name-1\" class=\"forminator-field-name forminator-col forminator-col-4\"><div class=\"forminator-field\"><label for=\"forminator-field-name-1_69e2197967fa6\" id=\"forminator-field-name-1_69e2197967fa6-label\" class=\"forminator-label\">Name <span class=\"forminator-required\">*<\/span><\/label><input type=\"text\" name=\"name-1\" value=\"\" placeholder=\"Name\" id=\"forminator-field-name-1_69e2197967fa6\" class=\"forminator-input forminator-name--field\" aria-required=\"true\" \/><\/div><\/div><div id=\"phone-1\" class=\"forminator-field-phone forminator-col forminator-col-4\"><div class=\"forminator-field\"><label for=\"forminator-field-phone-1_69e2197967fa6\" id=\"forminator-field-phone-1_69e2197967fa6-label\" class=\"forminator-label\">Phone <span class=\"forminator-required\">*<\/span><\/label><input type=\"text\" name=\"phone-1\" value=\"\" placeholder=\"Phone\" id=\"forminator-field-phone-1_69e2197967fa6\" class=\"forminator-input forminator-field--phone\" data-required=\"1\" aria-required=\"true\" autocomplete=\"off\" \/><\/div><\/div><div id=\"email-1\" class=\"forminator-field-email forminator-col forminator-col-4\"><div class=\"forminator-field\"><label for=\"forminator-field-email-1_69e2197967fa6\" id=\"forminator-field-email-1_69e2197967fa6-label\" class=\"forminator-label\">E-mail <span class=\"forminator-required\">*<\/span><\/label><input type=\"email\" name=\"email-1\" value=\"\" placeholder=\"E-mail\" id=\"forminator-field-email-1_69e2197967fa6\" class=\"forminator-input forminator-email--field\" data-required=\"true\" aria-required=\"true\" \/><\/div><\/div><\/div><div class=\"forminator-row\"><div id=\"textarea-1\" class=\"forminator-field-textarea forminator-col forminator-col-12\"><div class=\"forminator-field\"><label for=\"forminator-field-textarea-1_69e2197967fa6\" id=\"forminator-field-textarea-1_69e2197967fa6-label\" class=\"forminator-label\">Zi\u0146as teksts<\/label><textarea name=\"textarea-1\" placeholder=\"Your message\u2026\" id=\"forminator-field-textarea-1_69e2197967fa6\" class=\"forminator-textarea\" rows=\"6\" style=\"min-height:140px;\" maxlength=\"180\" ><\/textarea><span id=\"forminator-field-textarea-1_69e2197967fa6-description\" class=\"forminator-description\"><span data-limit=\"180\" data-type=\"characters\">0 \/ 180<\/span><\/span><\/div><\/div><\/div><input type=\"hidden\" name=\"referer_url\" value=\"\" \/><div class=\"forminator-row forminator-row-last\"><div class=\"forminator-col\"><div class=\"forminator-field\"><button class=\"forminator-button forminator-button-submit\">Send Message<\/button><\/div><\/div><\/div><input type=\"hidden\" id=\"forminator_nonce\" name=\"forminator_nonce\" value=\"3f32203ba5\" \/><input type=\"hidden\" name=\"_wp_http_referer\" value=\"\/en\/wp-json\/wp\/v2\/pages\/1434\" \/><input type=\"hidden\" name=\"form_id\" value=\"1433\"><input type=\"hidden\" name=\"page_id\" value=\"1434\"><input type=\"hidden\" name=\"form_type\" value=\"default\"><input type=\"hidden\" name=\"current_url\" value=\"https:\/\/baltuinvestments.lv\/en\/kontakti\/\"><input type=\"hidden\" name=\"render_id\" value=\"0\"><input type=\"hidden\" name=\"action\" value=\"forminator_submit_form_custom-forms\"><input type=\"hidden\" name=\"trp-form-language\" value=\"en\"\/><\/form>\t\t<\/div>\n\t\t\t\t<\/div>\n\t\t\t\t\t<\/div>\n\t\t\t\t<\/div>\n\t\t<div class=\"elementor-element elementor-element-dae953e e-flex e-con-boxed e-con e-parent\" data-id=\"dae953e\" data-element_type=\"container\" data-settings=\"{&quot;background_background&quot;:&quot;classic&quot;}\">\n\t\t\t\t\t<div class=\"e-con-inner\">\n\t\t<div class=\"elementor-element elementor-element-4bfdc114 e-con-full e-flex e-con e-child\" data-id=\"4bfdc114\" data-element_type=\"container\">\n\t\t<div class=\"elementor-element elementor-element-1fe80a04 e-con-full e-flex e-con e-child\" data-id=\"1fe80a04\" data-element_type=\"container\">\n\t\t\t\t<div class=\"elementor-element elementor-element-49b1e806 elementor-widget elementor-widget-heading\" data-id=\"49b1e806\" data-element_type=\"widget\" data-widget_type=\"heading.default\">\n\t\t\t\t<div class=\"elementor-widget-container\">\n\t\t\t<p class=\"elementor-heading-title elementor-size-default\"><a href=\"https:\/\/baltuinvestments.lv\/en\/privatuma-politika\/\">Privacy policy<\/a><\/p>\t\t<\/div>\n\t\t\t\t<\/div>\n\t\t\t\t<\/div>\n\t\t\t\t<div class=\"elementor-element elementor-element-373485df elementor-widget elementor-widget-heading\" data-id=\"373485df\" data-element_type=\"widget\" data-widget_type=\"heading.default\">\n\t\t\t\t<div class=\"elementor-widget-container\">\n\t\t\t<p class=\"elementor-heading-title elementor-size-default\">(C) Baltu Investments 2024. All rights reserved.<\/p>\t\t<\/div>\n\t\t\t\t<\/div>\n\t\t\t\t<\/div>\n\t\t<div class=\"elementor-element elementor-element-4607b1de e-con-full e-flex e-con e-child\" data-id=\"4607b1de\" data-element_type=\"container\">\n\t\t\t\t<div class=\"elementor-element elementor-element-78e07301 elementor-widget elementor-widget-image\" data-id=\"78e07301\" data-element_type=\"widget\" data-widget_type=\"image.default\">\n\t\t\t\t<div class=\"elementor-widget-container\">\n\t\t\t\t\t\t\t\t\t\t\t\t\t\t<a href=\"#top\">\n\t\t\t\t\t\t\t<img fetchpriority=\"high\" decoding=\"async\" width=\"660\" height=\"341\" src=\"https:\/\/baltuinvestments.lv\/wp-content\/uploads\/2024\/05\/arrow-2.png\" class=\"attachment-large size-large wp-image-1192\" alt=\"\" srcset=\"https:\/\/baltuinvestments.lv\/wp-content\/uploads\/2024\/05\/arrow-2.png 660w, https:\/\/baltuinvestments.lv\/wp-content\/uploads\/2024\/05\/arrow-2-300x155.png 300w, https:\/\/baltuinvestments.lv\/wp-content\/uploads\/2024\/05\/arrow-2-600x310.png 600w\" sizes=\"(max-width: 660px) 100vw, 660px\" \/>\t\t\t\t\t\t\t\t<\/a>\n\t\t\t\t\t\t\t\t\t\t\t\t\t<\/div>\n\t\t\t\t<\/div>\n\t\t\t\t<\/div>\n\t\t<div class=\"elementor-element elementor-element-7b49136c e-con-full e-flex e-con e-child\" data-id=\"7b49136c\" data-element_type=\"container\">\n\t\t\t\t<div class=\"elementor-element elementor-element-13aa343 elementor-widget__width-inherit elementor-widget elementor-widget-image\" data-id=\"13aa343\" data-element_type=\"widget\" data-widget_type=\"image.default\">\n\t\t\t\t<div class=\"elementor-widget-container\">\n\t\t\t\t\t\t\t\t\t\t\t\t\t<img decoding=\"async\" width=\"1024\" height=\"119\" src=\"https:\/\/baltuinvestments.lv\/wp-content\/uploads\/2024\/08\/BI-logo-1024x119.webp\" class=\"attachment-large size-large wp-image-1424\" alt=\"\" srcset=\"https:\/\/baltuinvestments.lv\/wp-content\/uploads\/2024\/08\/BI-logo-1024x119.webp 1024w, https:\/\/baltuinvestments.lv\/wp-content\/uploads\/2024\/08\/BI-logo-300x35.webp 300w, https:\/\/baltuinvestments.lv\/wp-content\/uploads\/2024\/08\/BI-logo-768x89.webp 768w, https:\/\/baltuinvestments.lv\/wp-content\/uploads\/2024\/08\/BI-logo-1536x179.webp 1536w, https:\/\/baltuinvestments.lv\/wp-content\/uploads\/2024\/08\/BI-logo-18x2.webp 18w, https:\/\/baltuinvestments.lv\/wp-content\/uploads\/2024\/08\/BI-logo.webp 2048w\" sizes=\"(max-width: 1024px) 100vw, 1024px\" \/>\t\t\t\t\t\t\t\t\t\t\t\t\t<\/div>\n\t\t\t\t<\/div>\n\t\t\t\t<div class=\"elementor-element elementor-element-7299b663 elementor-widget elementor-widget-text-editor\" data-id=\"7299b663\" data-element_type=\"widget\" data-widget_type=\"text-editor.default\">\n\t\t\t\t<div class=\"elementor-widget-container\">\n\t\t\t<style>\/*! elementor - v3.21.0 - 26-05-2024 *\/\n.elementor-widget-text-editor.elementor-drop-cap-view-stacked .elementor-drop-cap{background-color:#69727d;color:#fff}.elementor-widget-text-editor.elementor-drop-cap-view-framed .elementor-drop-cap{color:#69727d;border:3px solid;background-color:transparent}.elementor-widget-text-editor:not(.elementor-drop-cap-view-default) .elementor-drop-cap{margin-top:8px}.elementor-widget-text-editor:not(.elementor-drop-cap-view-default) .elementor-drop-cap-letter{width:1em;height:1em}.elementor-widget-text-editor .elementor-drop-cap{float:left;text-align:center;line-height:1;font-size:50px}.elementor-widget-text-editor .elementor-drop-cap-letter{display:inline-block}<\/style>\t\t\t\t<p>\u201cBALTU Investments\u201d SIA<br \/>Re\u0123. Nr. 40203415080<br \/>Maldugu\u0146u iela 2, M\u0101rupe, M\u0101rupes nov., LV-2167<br \/>AS Citadele banka | PARXLV22 | LV31PARX0027777800001<br \/>AS Swedbank | HABALV22 | LV06HABA0551054207971<\/p>\t\t\t\t\t\t<\/div>\n\t\t\t\t<\/div>\n\t\t\t\t<\/div>\n\t\t\t\t\t<\/div>\n\t\t\t\t<\/div>\n\t\t\t\t<\/div>","protected":false},"excerpt":{"rendered":"<p>SAZI\u0145AS FORMA Priv\u0101tuma politika \u00a9 2024 Baltukoks. Visas ties\u012bbas patur\u0113tas. \u201cBALTU Investments\u201d SIARe\u0123. Nr. 40203415080Maldugu\u0146u iela 2, M\u0101rupe, M\u0101rupes nov., LV-2167AS Citadele banka | PARXLV22 | LV31PARX0027777800001AS Swedbank | HABALV22 | LV06HABA0551054207971<\/p>","protected":false},"author":1,"featured_media":0,"parent":0,"menu_order":0,"comment_status":"closed","ping_status":"closed","template":"","meta":{"_uag_custom_page_level_css":"","site-sidebar-layout":"no-sidebar","site-content-layout":"page-builder","ast-site-content-layout":"full-width-container","site-content-style":"default","site-sidebar-style":"default","ast-global-header-display":"","ast-banner-title-visibility":"","ast-main-header-display":"","ast-hfb-above-header-display":"","ast-hfb-below-header-display":"","ast-hfb-mobile-header-display":"","site-post-title":"disabled","ast-breadcrumbs-content":"","ast-featured-img":"disabled","footer-sml-layout":"","theme-transparent-header-meta":"","adv-header-id-meta":"","stick-header-meta":"","header-above-stick-meta":"","header-main-stick-meta":"","header-below-stick-meta":"","astra-migrate-meta-layouts":"set","ast-page-background-enabled":"default","ast-page-background-meta":{"desktop":{"background-color":"","background-image":"","background-repeat":"repeat","background-position":"center center","background-size":"auto","background-attachment":"scroll","background-type":"","background-media":"","overlay-type":"","overlay-color":"","overlay-opacity":"","overlay-gradient":""},"tablet":{"background-color":"","background-image":"","background-repeat":"repeat","background-position":"center center","background-size":"auto","background-attachment":"scroll","background-type":"","background-media":"","overlay-type":"","overlay-color":"","overlay-opacity":"","overlay-gradient":""},"mobile":{"background-color":"","background-image":"","background-repeat":"repeat","background-position":"center center","background-size":"auto","background-attachment":"scroll","background-type":"","background-media":"","overlay-type":"","overlay-color":"","overlay-opacity":"","overlay-gradient":""}},"ast-content-background-meta":{"desktop":{"background-color":"var(--ast-global-color-5)","background-image":"","background-repeat":"repeat","background-position":"center center","background-size":"auto","background-attachment":"scroll","background-type":"","background-media":"","overlay-type":"","overlay-color":"","overlay-opacity":"","overlay-gradient":""},"tablet":{"background-color":"var(--ast-global-color-5)","background-image":"","background-repeat":"repeat","background-position":"center center","background-size":"auto","background-attachment":"scroll","background-type":"","background-media":"","overlay-type":"","overlay-color":"","overlay-opacity":"","overlay-gradient":""},"mobile":{"background-color":"var(--ast-global-color-5)","background-image":"","background-repeat":"repeat","background-position":"center center","background-size":"auto","background-attachment":"scroll","background-type":"","background-media":"","overlay-type":"","overlay-color":"","overlay-opacity":"","overlay-gradient":""}},"footnotes":""},"class_list":["post-1434","page","type-page","status-publish","hentry"],"uagb_featured_image_src":{"full":false,"thumbnail":false,"medium":false,"medium_large":false,"large":false,"1536x1536":false,"2048x2048":false,"trp-custom-language-flag":false},"uagb_author_info":{"display_name":"admin","author_link":"https:\/\/baltuinvestments.lv\/en\/author\/admin\/"},"uagb_comment_info":0,"uagb_excerpt":"SAZI\u0145AS FORMA Priv\u0101tuma politika \u00a9 2024 Baltukoks. Visas ties\u012bbas patur\u0113tas. \u201cBALTU Investments\u201d SIARe\u0123. Nr. 40203415080Maldugu\u0146u iela 2, M\u0101rupe, M\u0101rupes nov., LV-2167AS Citadele banka | PARXLV22 | LV31PARX0027777800001AS Swedbank | HABALV22 | LV06HABA0551054207971","_links":{"self":[{"href":"https:\/\/baltuinvestments.lv\/en\/wp-json\/wp\/v2\/pages\/1434","targetHints":{"allow":["GET"]}}],"collection":[{"href":"https:\/\/baltuinvestments.lv\/en\/wp-json\/wp\/v2\/pages"}],"about":[{"href":"https:\/\/baltuinvestments.lv\/en\/wp-json\/wp\/v2\/types\/page"}],"author":[{"embeddable":true,"href":"https:\/\/baltuinvestments.lv\/en\/wp-json\/wp\/v2\/users\/1"}],"replies":[{"embeddable":true,"href":"https:\/\/baltuinvestments.lv\/en\/wp-json\/wp\/v2\/comments?post=1434"}],"version-history":[{"count":14,"href":"https:\/\/baltuinvestments.lv\/en\/wp-json\/wp\/v2\/pages\/1434\/revisions"}],"predecessor-version":[{"id":1653,"href":"https:\/\/baltuinvestments.lv\/en\/wp-json\/wp\/v2\/pages\/1434\/revisions\/1653"}],"wp:attachment":[{"href":"https:\/\/baltuinvestments.lv\/en\/wp-json\/wp\/v2\/media?parent=1434"}],"curies":[{"name":"wp","href":"https:\/\/api.w.org\/{rel}","templated":true}]}}